{"id":77,"date":"2022-01-24T23:02:25","date_gmt":"2022-01-24T22:02:25","guid":{"rendered":"http:\/\/ganimedes.kolonia.gda.pl\/~wmt\/turbiny\/?page_id=77"},"modified":"2025-05-22T18:00:12","modified_gmt":"2025-05-22T16:00:12","slug":"slubne-studyjne","status":"publish","type":"page","link":"https:\/\/www.fotozajaczek.pl\/index.php\/slubne-studyjne\/","title":{"rendered":"Zdj\u0119cia \u015blubne i studyjne"},"content":{"rendered":"<p style=\"text-align: center;\"><strong>Zdj\u0119cia \u015blubne<\/strong><\/p>\n<table class=\"contentpaneopen\" style=\"height: 117px;\" width=\"831\">\n<tbody>\n<tr>\n<td colspan=\"2\" valign=\"top\">\n<table border=\"0\" width=\"447\" cellspacing=\"0\" cellpadding=\"0\" align=\"center\">\n<tbody>\n<tr>\n<td width=\"329\">\n<table style=\"height: 102px;\" border=\"1\" width=\"471\">\n<tbody>\n<tr>\n<td width=\"251\"><b>Sesja w studio 1 uj\u0119cie <\/b><\/td>\n<td align=\"right\"><b>200,00 z\u0142<\/b><\/td>\n<\/tr>\n<tr>\n<td width=\"251\"><b>Sesja w plenerze ok. 15 uj\u0119\u0107 po 2 sztuki<\/b><\/td>\n<td align=\"right\"><b>3000,00 z\u0142<\/b><\/td>\n<\/tr>\n<\/tbody>\n<\/table>\n<\/td>\n<\/tr>\n<\/tbody>\n<\/table>\n<\/td>\n<\/tr>\n<tr>\n<td><\/td>\n<\/tr>\n<\/tbody>\n<\/table>\n<p style=\"text-align: center;\"><strong>Zdj\u0119cia studyjne<\/strong><\/p>\n<table style=\"height: 113px;\" border=\"1\" width=\"702\">\n<tbody>\n<tr>\n<td width=\"100\"><b>Ca\u0142a <\/b><b>sylwetka<\/b><b>\u00a0\u00a0\u00a0\u00a0\u00a0\u00a0\u00a0\u00a0\u00a0\u00a0<\/b><b><br \/>\n<\/b>(jedno uj\u0119cie)<\/td>\n<td align=\"right\"><b>200,00 z\u0142<\/b><\/td>\n<\/tr>\n<tr>\n<td width=\"100\"><b>Portretowe<br \/>\n<\/b>(jedno uj\u0119cie)<\/td>\n<td align=\"right\"><b>100,00 z\u0142<\/b><\/td>\n<\/tr>\n<\/tbody>\n<\/table>\n","protected":false},"excerpt":{"rendered":"<p>Zdj\u0119cia \u015blubne Sesja w studio 1 uj\u0119cie 200,00 z\u0142 Sesja w plenerze ok. 15 uj\u0119\u0107 po 2 sztuki 3000,00 z\u0142 Zdj\u0119cia studyjne Ca\u0142a sylwetka\u00a0\u00a0\u00a0\u00a0\u00a0\u00a0\u00a0\u00a0\u00a0\u00a0 (jedno uj\u0119cie) 200,00 z\u0142 Portretowe (jedno uj\u0119cie) 100,00 z\u0142<\/p>\n","protected":false},"author":1,"featured_media":0,"parent":0,"menu_order":0,"comment_status":"closed","ping_status":"closed","template":"","meta":[],"_links":{"self":[{"href":"https:\/\/www.fotozajaczek.pl\/index.php\/wp-json\/wp\/v2\/pages\/77"}],"collection":[{"href":"https:\/\/www.fotozajaczek.pl\/index.php\/wp-json\/wp\/v2\/pages"}],"about":[{"href":"https:\/\/www.fotozajaczek.pl\/index.php\/wp-json\/wp\/v2\/types\/page"}],"author":[{"embeddable":true,"href":"https:\/\/www.fotozajaczek.pl\/index.php\/wp-json\/wp\/v2\/users\/1"}],"replies":[{"embeddable":true,"href":"https:\/\/www.fotozajaczek.pl\/index.php\/wp-json\/wp\/v2\/comments?post=77"}],"version-history":[{"count":6,"href":"https:\/\/www.fotozajaczek.pl\/index.php\/wp-json\/wp\/v2\/pages\/77\/revisions"}],"predecessor-version":[{"id":174,"href":"https:\/\/www.fotozajaczek.pl\/index.php\/wp-json\/wp\/v2\/pages\/77\/revisions\/174"}],"wp:attachment":[{"href":"https:\/\/www.fotozajaczek.pl\/index.php\/wp-json\/wp\/v2\/media?parent=77"}],"curies":[{"name":"wp","href":"https:\/\/api.w.org\/{rel}","templated":true}]}}