{"id":72,"date":"2022-01-24T22:54:33","date_gmt":"2022-01-24T21:54:33","guid":{"rendered":"http:\/\/ganimedes.kolonia.gda.pl\/~wmt\/turbiny\/?page_id=72"},"modified":"2025-05-22T20:17:14","modified_gmt":"2025-05-22T18:17:14","slug":"cennik-wywolania","status":"publish","type":"page","link":"https:\/\/www.fotozajaczek.pl\/index.php\/cennik-wywolania\/","title":{"rendered":"Cennik wywo\u0142ania i odbitek"},"content":{"rendered":"<p>&nbsp;<\/p>\n<style>\ntable, th, td {<br \/>border: 1px solid black;<br \/>border-collapse: collapse;<br \/>}<\/p>\n<\/style>\n<p>&nbsp;<\/p>\n<div id=\"pl-72\" class=\"panel-layout\">\n<div id=\"pg-72-0\" class=\"panel-grid panel-no-style\">\n<div id=\"pgc-72-0-0\" class=\"panel-grid-cell\" data-weight=\"1\">\n<div id=\"panel-72-0-0-0\" class=\"so-panel widget widget_sow-editor panel-first-child panel-last-child\" data-index=\"0\">\n<div class=\"so-widget-sow-editor so-widget-sow-editor-base\">\n<div class=\"siteorigin-widget-tinymce textwidget\">\n<p style=\"text-align: center;\">Wywo\u0142anie C-41 automat\u00a0\u00a0\u00a0\u00a0\u00a0\u00a0\u00a0\u00a0\u00a0\u00a0 <strong>20,00 z\u0142<\/strong><br \/>\nWywo\u0142anie filmu cz-b C-41\u00a0\u00a0\u00a0\u00a0\u00a0\u00a0\u00a0<strong> 25,00 z\u0142<\/strong><br \/>\nWywo\u0142anie filmu cz-b 120\u00a0\u00a0\u00a0\u00a0\u00a0\u00a0\u00a0\u00a0\u00a0<strong> 25,00 z\u0142<\/strong><br \/>\n(proces r\u0119czny)<\/p>\n<p style=\"text-align: center;\"><strong>Odbitki kolorowe<\/strong><\/p>\n<p>&nbsp;<\/p>\n<p>&nbsp;<\/p>\n<table style=\"height: 600px;\" border=\"2\" width=\"563\">\n<tbody>\n<tr>\n<td width=\"121\"><strong><u>Format<\/u><\/strong><\/td>\n<td align=\"right\" width=\"73\"><b><u>cena<\/u><\/b><\/td>\n<\/tr>\n<tr>\n<td width=\"121\">9&#215;13<\/td>\n<td align=\"right\" width=\"73\">1,50 z\u0142<\/td>\n<\/tr>\n<tr>\n<td width=\"121\">10&#215;15<\/td>\n<td align=\"right\" width=\"73\">2,00 z\u0142<\/td>\n<\/tr>\n<tr>\n<td width=\"121\">13&#215;18<\/td>\n<td align=\"right\" width=\"73\">3,50 z\u0142<\/td>\n<\/tr>\n<tr>\n<td width=\"121\">15&#215;21<\/td>\n<td align=\"right\" width=\"73\">5,00 z\u0142<\/td>\n<\/tr>\n<tr>\n<td width=\"121\">18&#215;24<\/td>\n<td align=\"right\" width=\"73\">10,00 z\u0142<\/td>\n<\/tr>\n<tr>\n<td width=\"121\">20&#215;25<\/td>\n<td align=\"right\" width=\"73\">12,00 z\u0142<\/td>\n<\/tr>\n<tr>\n<td width=\"121\">21&#215;30<\/td>\n<td align=\"right\" width=\"73\">15,00 z\u0142<\/td>\n<\/tr>\n<tr>\n<td width=\"121\"><\/td>\n<td align=\"right\" width=\"73\"><\/td>\n<\/tr>\n<tr>\n<td width=\"121\"><b>\u00a0Indexprint:<br \/>\n(cyfrowa styk\u00f3wka)<\/b><\/td>\n<td align=\"right\" width=\"73\"><\/td>\n<\/tr>\n<tr>\n<td width=\"121\"><b>10&#215;15<br \/>\n<\/b><\/td>\n<td align=\"right\" width=\"73\"><b>10,00 z\u0142<br \/>\n<\/b><\/td>\n<\/tr>\n<\/tbody>\n<\/table>\n<p>&nbsp;<\/p>\n<p style=\"text-align: center;\"><strong>Odbitki czarno-bia\u0142e i sepia<\/strong><\/p>\n<div>\n<p style=\"text-align: center;\">Zdj\u0119cie ze zdj\u0119cia + nagranie na CD &#8211;<b> 25,00 z\u0142<\/b>\n<\/p>\n<\/div>\n<div>\n<p>W zale\u017cno\u015bci od stopnia zniszczenia fotografii,<br \/>\nkoszt wzrasta<b>.<\/b><\/p>\n<\/div>\n<div>\n<p>&nbsp;<\/p>\n<\/div>\n<div>\n<p>&nbsp;<\/p>\n<\/div>\n<\/div>\n<\/div>\n<\/div>\n<\/div>\n<\/div>\n<\/div>\n","protected":false},"excerpt":{"rendered":"<p>&nbsp; &nbsp; Wywo\u0142anie C-41 automat\u00a0\u00a0\u00a0\u00a0\u00a0\u00a0\u00a0\u00a0\u00a0\u00a0 20,00 z\u0142 Wywo\u0142anie filmu cz-b C-41\u00a0\u00a0\u00a0\u00a0\u00a0\u00a0\u00a0 25,00 z\u0142 Wywo\u0142anie filmu cz-b 120\u00a0\u00a0\u00a0\u00a0\u00a0\u00a0\u00a0\u00a0\u00a0 25,00 z\u0142 (proces r\u0119czny) Odbitki kolorowe &nbsp; &nbsp; Format cena 9&#215;13 1,50 z\u0142 10&#215;15 2,00 z\u0142 13&#215;18 3,50 z\u0142 15&#215;21 5,00 z\u0142 18&#215;24 10,00 z\u0142 20&#215;25 12,00 z\u0142 21&#215;30 15,00 z\u0142 \u00a0Indexprint: (cyfrowa styk\u00f3wka) 10&#215;15 10,00 z\u0142 &nbsp; [&hellip;]<\/p>\n","protected":false},"author":1,"featured_media":0,"parent":0,"menu_order":0,"comment_status":"closed","ping_status":"closed","template":"","meta":[],"_links":{"self":[{"href":"https:\/\/www.fotozajaczek.pl\/index.php\/wp-json\/wp\/v2\/pages\/72"}],"collection":[{"href":"https:\/\/www.fotozajaczek.pl\/index.php\/wp-json\/wp\/v2\/pages"}],"about":[{"href":"https:\/\/www.fotozajaczek.pl\/index.php\/wp-json\/wp\/v2\/types\/page"}],"author":[{"embeddable":true,"href":"https:\/\/www.fotozajaczek.pl\/index.php\/wp-json\/wp\/v2\/users\/1"}],"replies":[{"embeddable":true,"href":"https:\/\/www.fotozajaczek.pl\/index.php\/wp-json\/wp\/v2\/comments?post=72"}],"version-history":[{"count":30,"href":"https:\/\/www.fotozajaczek.pl\/index.php\/wp-json\/wp\/v2\/pages\/72\/revisions"}],"predecessor-version":[{"id":197,"href":"https:\/\/www.fotozajaczek.pl\/index.php\/wp-json\/wp\/v2\/pages\/72\/revisions\/197"}],"wp:attachment":[{"href":"https:\/\/www.fotozajaczek.pl\/index.php\/wp-json\/wp\/v2\/media?parent=72"}],"curies":[{"name":"wp","href":"https:\/\/api.w.org\/{rel}","templated":true}]}}