{"id":46,"date":"2022-01-24T20:46:40","date_gmt":"2022-01-24T19:46:40","guid":{"rendered":"http:\/\/ganimedes.kolonia.gda.pl\/~wmt\/turbiny\/?page_id=46"},"modified":"2022-01-29T20:27:20","modified_gmt":"2022-01-29T19:27:20","slug":"kontakt","status":"publish","type":"page","link":"https:\/\/www.fotozajaczek.pl\/index.php\/kontakt\/","title":{"rendered":"Kontakt"},"content":{"rendered":"<div align=\"center\"><b>Foto Zaj\u0105czek<br \/>\nRomuald Zaj\u0105czkowski<br \/>\nBarbara K\u0142os<\/b><br \/>\nGda\u0144sk ul. Heweliusza 5<\/div>\n<div align=\"center\"><\/div>\n<div align=\"center\">Zak\u0142ad czynny w godzinach:<\/div>\n<div align=\"center\"><\/div>\n<div align=\"center\"><b>Poniedzia\u0142ek &#8211; Pi\u0105tek:<br \/>\n09.00 &#8211; 18.00 <\/b><\/div>\n<div align=\"center\"><b>\u00a0<\/b><\/div>\n<div align=\"center\"><b>Sobota:<br \/>\nNIECZYNNE<\/b><\/div>\n<div align=\"center\"><b>\u00a0<\/b><\/div>\n<div align=\"center\"><b>Niedziela:<br \/>\nna zam\u00f3wienie <\/b><\/div>\n<div align=\"center\"><\/div>\n<div align=\"center\">Tel: (58) 301 38 52<\/p>\n<blockquote>\n<div>\n<p>e-mail: <b> <a href=\"mailto:fotograf@fotozajaczek.pl\">fotograf.fotozajaczek@gmail.com<\/a><\/b><\/p>\n<\/div>\n<\/blockquote>\n<p><b><br \/>\nSERDECZNIE ZAPRASZAMY<\/b><\/div>\n","protected":false},"excerpt":{"rendered":"<p>Foto Zaj\u0105czek Romuald Zaj\u0105czkowski Barbara K\u0142os Gda\u0144sk ul. Heweliusza 5 Zak\u0142ad czynny w godzinach: Poniedzia\u0142ek &#8211; Pi\u0105tek: 09.00 &#8211; 18.00 \u00a0 Sobota: NIECZYNNE \u00a0 Niedziela: na zam\u00f3wienie Tel: (58) 301 38 52 e-mail: fotograf.fotozajaczek@gmail.com SERDECZNIE ZAPRASZAMY<\/p>\n","protected":false},"author":1,"featured_media":0,"parent":0,"menu_order":0,"comment_status":"closed","ping_status":"closed","template":"","meta":[],"_links":{"self":[{"href":"https:\/\/www.fotozajaczek.pl\/index.php\/wp-json\/wp\/v2\/pages\/46"}],"collection":[{"href":"https:\/\/www.fotozajaczek.pl\/index.php\/wp-json\/wp\/v2\/pages"}],"about":[{"href":"https:\/\/www.fotozajaczek.pl\/index.php\/wp-json\/wp\/v2\/types\/page"}],"author":[{"embeddable":true,"href":"https:\/\/www.fotozajaczek.pl\/index.php\/wp-json\/wp\/v2\/users\/1"}],"replies":[{"embeddable":true,"href":"https:\/\/www.fotozajaczek.pl\/index.php\/wp-json\/wp\/v2\/comments?post=46"}],"version-history":[{"count":4,"href":"https:\/\/www.fotozajaczek.pl\/index.php\/wp-json\/wp\/v2\/pages\/46\/revisions"}],"predecessor-version":[{"id":109,"href":"https:\/\/www.fotozajaczek.pl\/index.php\/wp-json\/wp\/v2\/pages\/46\/revisions\/109"}],"wp:attachment":[{"href":"https:\/\/www.fotozajaczek.pl\/index.php\/wp-json\/wp\/v2\/media?parent=46"}],"curies":[{"name":"wp","href":"https:\/\/api.w.org\/{rel}","templated":true}]}}