{"id":2,"date":"2022-01-24T19:48:48","date_gmt":"2022-01-24T18:48:48","guid":{"rendered":"http:\/\/ganimedes.kolonia.gda.pl\/~wmt\/turbiny\/?page_id=2"},"modified":"2023-03-12T16:27:33","modified_gmt":"2023-03-12T15:27:33","slug":"przykladowa-strona","status":"publish","type":"page","link":"https:\/\/www.fotozajaczek.pl\/","title":{"rendered":"Zak\u0142ad fotograficzny FOTOZAJ\u0104CZEK"},"content":{"rendered":"<p><center><b>Witamy na oficjalnej stronie gda\u0144skiego profesjonalnego studia<\/b><b> fotograficznego Foto Zaj\u0105czek.<\/b><\/center><center><\/center><center><\/center><center><\/center><center><\/center><center>\u00a0<img loading=\"lazy\" class=\"alignnone size-medium wp-image-112\" src=\"https:\/\/fotozajaczek.pl\/wp-content\/uploads\/2022\/01\/zajac_foto4-300x212.jpg\" alt=\"\" width=\"300\" height=\"212\" srcset=\"https:\/\/www.fotozajaczek.pl\/wp-content\/uploads\/2022\/01\/zajac_foto4-300x212.jpg 300w, https:\/\/www.fotozajaczek.pl\/wp-content\/uploads\/2022\/01\/zajac_foto4.jpg 350w\" sizes=\"(max-width: 300px) 100vw, 300px\" \/><\/center><b>\u00a0\u00a0\u00a0 Serdecznie zapraszamy do zapoznania si\u0119 z nasz\u0105 ofert\u0105. Mamy nadziej\u0119, \u017ce znajdzie si\u0119 w niej wszystko, co jest potrzebne, aby spe\u0142ni\u0107 Pa\u0144stwa oczekiwania w kategorii us\u0142ug fotograficznych.<\/b><\/p>\n<p><b> Prowadzimy r\u00f3wnie\u017c sprzeda\u017c detaliczn\u0105 akcesori\u00f3w fotograficznych oraz czasopism.<br \/>\nW naszym studio kupi\u0105 Pa\u0144stwo:<\/b><\/p>\n<p><b>&#8211; ramki do zdj\u0119\u0107 (drewniane, metalowe, plastikowe i inne)<br \/>\n&#8211; albumy okoliczno\u015bciowe oraz pami\u0105tkowe (\u015blubne, na chrzciny i komuni\u0119, etc)<br \/>\n&#8211; filmy do aparat\u00f3w analogowych<br \/>\n&#8211; karty pami\u0119ci do aparat\u00f3w cyfrowych<br \/>\n&#8211; kasety cyfrowe oraz VHS<br \/>\n&#8211; baterie<br \/>\n&#8211; periodyki o tematyce fotograficznej<\/b><\/p>\n<p><img loading=\"lazy\" class=\"wp-image-120 size-full aligncenter\" src=\"https:\/\/www.fotozajaczek.pl\/wp-content\/uploads\/2022\/01\/pfr.jpg\" alt=\"\" width=\"202\" height=\"91\" \/><\/p>\n<p style=\"text-align: center;\"><b>Przedsi\u0119biorca uzyska\u0142 subwencj\u0119 finansow\u0105 w ramach programu rz\u0105dowego<br \/>\n<span style=\"color: #ff0000;\">&#8222;Tarcza Finansowa 2.0 Polskiego Funduszu Rozwoju dla Mikro, Ma\u0142ych i \u015arednich Firm&#8221;<\/span>,<br \/>\nudzielon\u0105 przez PFR SA.<\/b><\/p>\n<p style=\"text-align: center;\">NIP: <b>5832463948 <\/b><\/p>\n","protected":false},"excerpt":{"rendered":"<p>Witamy na oficjalnej stronie gda\u0144skiego profesjonalnego studia fotograficznego Foto Zaj\u0105czek.\u00a0\u00a0\u00a0\u00a0 Serdecznie zapraszamy do zapoznania si\u0119 z nasz\u0105 ofert\u0105. Mamy nadziej\u0119, \u017ce znajdzie si\u0119 w niej wszystko, co jest potrzebne, aby spe\u0142ni\u0107 Pa\u0144stwa oczekiwania w kategorii us\u0142ug fotograficznych. Prowadzimy r\u00f3wnie\u017c sprzeda\u017c detaliczn\u0105 akcesori\u00f3w fotograficznych oraz czasopism. W naszym studio kupi\u0105 Pa\u0144stwo: &#8211; ramki do zdj\u0119\u0107 (drewniane, [&hellip;]<\/p>\n","protected":false},"author":1,"featured_media":0,"parent":0,"menu_order":0,"comment_status":"closed","ping_status":"open","template":"","meta":[],"_links":{"self":[{"href":"https:\/\/www.fotozajaczek.pl\/index.php\/wp-json\/wp\/v2\/pages\/2"}],"collection":[{"href":"https:\/\/www.fotozajaczek.pl\/index.php\/wp-json\/wp\/v2\/pages"}],"about":[{"href":"https:\/\/www.fotozajaczek.pl\/index.php\/wp-json\/wp\/v2\/types\/page"}],"author":[{"embeddable":true,"href":"https:\/\/www.fotozajaczek.pl\/index.php\/wp-json\/wp\/v2\/users\/1"}],"replies":[{"embeddable":true,"href":"https:\/\/www.fotozajaczek.pl\/index.php\/wp-json\/wp\/v2\/comments?post=2"}],"version-history":[{"count":19,"href":"https:\/\/www.fotozajaczek.pl\/index.php\/wp-json\/wp\/v2\/pages\/2\/revisions"}],"predecessor-version":[{"id":168,"href":"https:\/\/www.fotozajaczek.pl\/index.php\/wp-json\/wp\/v2\/pages\/2\/revisions\/168"}],"wp:attachment":[{"href":"https:\/\/www.fotozajaczek.pl\/index.php\/wp-json\/wp\/v2\/media?parent=2"}],"curies":[{"name":"wp","href":"https:\/\/api.w.org\/{rel}","templated":true}]}}